{"id":1466,"date":"2025-12-17T12:35:30","date_gmt":"2025-12-17T12:35:30","guid":{"rendered":"https:\/\/rodeo-slot.com\/login-and-registration\/"},"modified":"2025-12-17T13:47:13","modified_gmt":"2025-12-17T13:47:13","slug":"anmeldung-und-registrierung","status":"publish","type":"page","link":"https:\/\/rodeo-slot.com\/de\/anmeldung-und-registrierung\/","title":{"rendered":"Anmeldung und Registrierung"},"content":{"rendered":"<h1>Rodeoslot Login<\/h1>\n<p>Der Rodeoslot login bietet einen sicheren Zugang zu allen zentralen Funktionen unserer Plattform. Nach der Authentifizierung k\u00f6nnen Sie Zahlungen verwalten, Spiele starten, Aktivit\u00e4ten \u00fcberwachen und Ihr Profil innerhalb einer einheitlichen Umgebung pflegen, die durch eine stabile ger\u00e4te\u00fcbergreifende Synchronisierung unterst\u00fctzt wird. Das Login-Formular ist sowohl auf Desktop als auch mobil verf\u00fcgbar und gew\u00e4hrleistet einen konsistenten Zugriff, egal wo Sie spielen m\u00f6chten.<\/p>\n<p>Im Rodeo Slot casino erhalten alle registrierten Nutzer die vollst\u00e4ndige Kontofunktionalit\u00e4t, einschlie\u00dflich Guthabenkontrolle, Bonusverwaltung und Verifizierungsaktualisierungen. Mehrsprachiger Support und Live-Chat stehen f\u00fcr alle kontobezogenen Fragen zur Verf\u00fcgung, und unser Support-Team stellt sicher, dass jede Sitzung \u00fcber eine verschl\u00fcsselte und gesch\u00fctzte Verbindung abgewickelt wird. Neue Spieler k\u00f6nnen jederzeit ein Konto erstellen, um die vollst\u00e4ndige Rodeoslot Lobby und mitgliederbezogene Funktionen freizuschalten.<\/p>\n<p><div class=\"banner-wrap\" aria-label=\"Banner\"><img src=\"https:\/\/rodeo-slot.com\/wp-content\/uploads\/2025\/12\/Banner-Desktop.webp\" class=\"w-100 d-none d-lg-block img-pc main-banner-img\" alt=\"RodeoSlot Banner Desktop\" fetchpriority=\"high\" decoding=\"async\"><img src=\"https:\/\/rodeo-slot.com\/wp-content\/uploads\/2025\/12\/Banner-mobile.webp\" class=\"w-100 d-none d-md-block d-lg-none main-banner-img\" alt=\"RodeoSlot Banner Mobile\" fetchpriority=\"high\" decoding=\"async\"><img src=\"https:\/\/rodeo-slot.com\/wp-content\/uploads\/2025\/12\/Banner-mobile.webp\" class=\"w-100 d-md-none\" alt=\"RodeoSlot Banner Mobile\" fetchpriority=\"high\" decoding=\"async\"><div class=\"banner-description\">\n<div class=\"banner-title\">Willkommensboni<\/div>\n<p class=\"banner-header-title\">\u20ac1,500<\/p>\n<div class=\"banner-header-AdditionalText\">+ 250 Freispiele<\/div>\n<button data-item=\"homepage_banner_link\" class=\"goto m-button m-gradient-border m-button--primary m-button--large banner-button btn-orange\">\n            <div class=\"m-button-content\">\n                <span>Jetzt anmelden<\/span>\n                <span><\/span>\n            <\/div>\n        <\/button>\n<\/div>\n<div class=\"WelcomePack\">\n<p><img loading=\"lazy\" decoding=\"async\" class=\"alignnone size-full wp-image-1375\" src=\"https:\/\/rodeo-slot.com\/wp-content\/uploads\/2025\/12\/welcome-crown.svg\" alt=\"crown\" width=\"25\" height=\"26\" \/><\/p>\n<div class=\"WelcomePack-Info\">W\u00f6chentlicher Cashback von bis zu 25 %<\/div>\n<p><img loading=\"lazy\" decoding=\"async\" class=\"alignnone size-full wp-image-1375\" src=\"https:\/\/rodeo-slot.com\/wp-content\/uploads\/2025\/12\/welcome-crown.svg\" alt=\"crown\" width=\"25\" height=\"26\" \/><\/p>\n<\/div>\n<\/div><div class=\"scrollable-content-wrap my-5\"><div class=\"scrollable-content-inner\"><h2>Rodeo Slot Casino Registrierung<\/h2>\n<p>Die Registrierung eines Kontos im Rodeo Slot casino verschafft Ihnen Zugang zu einem vollst\u00e4ndigen Set an Plattformfunktionen, die darauf ausgelegt sind, Ihre Aktivit\u00e4t organisiert und sicher zu halten. Sobald Ihr Profil erstellt wurde, dient das Konto als zentraler Hub, in dem Sie Ein- und Auszahlungen verwalten, Transaktionsverl\u00e4ufe pr\u00fcfen, Boni verfolgen und grundlegende Einstellungen anpassen k\u00f6nnen. Alle Fortschritte, Favoriten und Spieleinstellungen werden unter einem Profil gespeichert, sodass Sie eine Sitzung auf jedem unterst\u00fctzten Ger\u00e4t problemlos fortsetzen k\u00f6nnen.<\/p>\n<p>Ein registriertes Konto erm\u00f6glicht Ihnen au\u00dferdem die Teilnahme an Promotionen, den Zugriff auf exklusive Bereiche der Lobby und eine effektivere Kommunikation mit unserem Support-Team \u00fcber den Live-Chat. Spracheinstellungen und Kommunikationspr\u00e4ferenzen k\u00f6nnen direkt in Ihrem Profil konfiguriert werden, damit die Benutzeroberfl\u00e4che und Benachrichtigungen Ihren Bed\u00fcrfnissen entsprechen.<\/p>\n<h3>Erstellen Sie Ihr Konto<\/h3>\n<p>Der Registrierungsprozess im Rodeo Slot casino ist unkompliziert und erfordert nur wenige grundlegende Angaben.<\/p>\n<p>So erstellen Sie Ihr Konto:<\/p>\n<ol>\n<li>\u00d6ffnen Sie die offizielle Rodeoslot casino Website und w\u00e4hlen Sie Registrieren in der Kopfzeile.<\/li>\n<li>Geben Sie Ihre E-Mail-Adresse ein und erstellen Sie ein sicheres Passwort, anschlie\u00dfend best\u00e4tigen Sie die Zustimmung zu den Allgemeinen Gesch\u00e4ftsbedingungen.<\/li>\n<li>Fahren Sie mit dem n\u00e4chsten Schritt fort und geben Sie Ihre grundlegenden pers\u00f6nlichen Daten ein, wie im Formular angefordert.<\/li>\n<li>Senden Sie die Registrierung ab, um Ihr Profil zu aktivieren und mit dem Login fortzufahren.<\/li>\n<\/ol>\n<p>Sobald Ihr Konto aktiv ist, k\u00f6nnen Sie die Lobby erkunden, Ihre Profileinstellungen aktualisieren und auf die Kasse zugreifen, wenn Sie bereit sind zu spielen.<\/p>\n<h2>Rodeo Slot Login und Kontoverwaltung<\/h2>\n<p>Der Rodeoslot login bietet Ihnen direkten Zugriff auf Ihren pers\u00f6nlichen Kontobereich, in dem alle wichtigen Tools f\u00fcr Gameplay, Zahlungen und Profilverwaltung in einem einzigen Men\u00fc organisiert sind. Sobald Sie Ihre E-Mail-Adresse und Ihr Passwort auf dem Login-Bildschirm eingeben, verbindet Sie das System mit einem sicheren Dashboard, das durch SSL-Verschl\u00fcsselung gesch\u00fctzt ist. Jede Sitzung wird \u00fcber Desktop- und mobile Browser synchronisiert, sodass Sie ohne Datenverlust oder Unterbrechung dort weitermachen k\u00f6nnen, wo Sie aufgeh\u00f6rt haben.<\/p>\n<p>Nach dem Einloggen zeigt Ihr Konto Ihr Guthaben, aktuelle Transaktionen, Bonusinformationen und den Zugriff auf die Kasse an. Sie k\u00f6nnen pers\u00f6nliche Einstellungen anpassen, erforderliche Informationen aktualisieren, Limits verwalten und Ihre Aktivit\u00e4t in Echtzeit \u00fcberpr\u00fcfen. Alle Vorg\u00e4nge \u2014 darunter Einzahlungen, Auszahlungen und \u00c4nderungen an Kontodaten \u2014 m\u00fcssen innerhalb Ihres angemeldeten Profils durchgef\u00fchrt werden, um unseren Sicherheitsstandards zu entsprechen.<\/p>\n<p>Die folgende Tabelle zeigt die Hauptbereiche, die nach Abschluss des Rodeoslot login verf\u00fcgbar sind:<\/p>\n<table>\n<tbody>\n<tr>\n<td>Kontobereich<\/td>\n<td>Was Sie tun k\u00f6nnen<\/td>\n<\/tr>\n<tr>\n<td>Kasse<\/td>\n<td>Einzahlungen vornehmen und Auszahlungen mit unterst\u00fctzten Zahlungsmethoden anfordern.<\/td>\n<\/tr>\n<tr>\n<td>Pers\u00f6nliche Daten<\/td>\n<td>Verpflichtende Informationen \u00fcberpr\u00fcfen und aktualisieren, die mit Ihrem Konto verbunden sind.<\/td>\n<\/tr>\n<tr>\n<td>Sicherheitseinstellungen<\/td>\n<td>Ihre Rodeoslot login Zugangsdaten sch\u00fctzen und den Zugriff verwalten.<\/td>\n<\/tr>\n<tr>\n<td>Aktivit\u00e4ts\u00fcbersicht<\/td>\n<td>Eins\u00e4tze, aktuelle Spielaktivit\u00e4ten und abgeschlossene Transaktionen verfolgen.<\/td>\n<\/tr>\n<tr>\n<td>Tools f\u00fcr verantwortungsbewusstes Spielen<\/td>\n<td>Limits anwenden, Sitzungsverhalten anpassen und Selbstsperroptionen verwalten.<\/td>\n<\/tr>\n<\/tbody>\n<\/table>\n<p>Bei der Verwaltung Ihres Kontos ist es wichtig, Ihren Benutzernamen und Ihr Passwort vertraulich zu behandeln. Jede Person, die mit g\u00fcltigen Rodeoslot login Zugangsdaten Zugriff erh\u00e4lt, wird als Kontoinhaber betrachtet. Daher bleibt es Ihre Verantwortung, Ihre Daten sicher zu speichern.<\/p>\n<h3>Passwort vergessen?<\/h3>\n<p>Ein sicheres Tool zum Zur\u00fccksetzen des Passworts ist direkt auf der Rodeoslot login Seite verf\u00fcgbar. Wenn Sie keinen Zugriff auf Ihr Konto haben, w\u00e4hlen Sie \u201ePasswort vergessen?\u201c unter den Login-Feldern aus. Nach Eingabe der E-Mail-Adresse, die in Ihrem Profil registriert ist, erhalten Sie eine systemgenerierte Nachricht mit einem Zur\u00fccksetzungslink.<\/p>\n<p>Folgen Sie dem Link in der E-Mail, legen Sie ein neues Passwort fest und best\u00e4tigen Sie die \u00c4nderung. Anschlie\u00dfend wird eine zweite Best\u00e4tigungs-E-Mail gesendet, um Sie dar\u00fcber zu informieren, dass die Aktualisierung abgeschlossen wurde. Das Verfahren funktioniert nur, wenn Ihre Kontomail g\u00fcltig ist, wie in den Seitenregeln beschrieben. Stellen Sie daher sicher, dass die Adresse korrekt und zug\u00e4nglich ist.<\/p>\n<h2>Verifizierung im Rodeoslot Casino<\/h2>\n<p>Die Verifizierung im Rodeoslot Casino ist eine wesentliche Sicherheitsanforderung, die sicherstellt, dass jedes Konto der richtigen Identit\u00e4t zugeordnet ist und internationalen AML- und KYC-Vorschriften entspricht. Der Verifizierungsprozess wird im daf\u00fcr vorgesehenen Abschnitt Ihres Kontos gestartet, wo Dokumente \u00fcber eine sichere verschl\u00fcsselte Oberfl\u00e4che hochgeladen werden. Dieser Schritt ist obligatorisch, bevor Auszahlungen vollst\u00e4ndig aktiviert werden k\u00f6nnen, und hilft unserem Team, eine sichere Spielumgebung f\u00fcr alle Spieler aufrechtzuerhalten.<\/p>\n<p>Unser internes KYC-Team pr\u00fcft jede Einsendung und aktualisiert Ihren Verifizierungsstatus, sobald die Bewertung abgeschlossen ist. Wenn zus\u00e4tzliche Dokumente erforderlich sind, senden wir klare Anweisungen per E-Mail, damit der Prozess ohne Unterbrechung fortgesetzt werden kann. W\u00e4hrend des gesamten Verfahrens steht unser mehrsprachiges Support-Team im Live-Chat zur Verf\u00fcgung, falls Sie Unterst\u00fctzung ben\u00f6tigen.<\/p>\n<p>Was wir m\u00f6glicherweise anfordern:<\/p>\n<ul>\n<li>Ein g\u00fcltiges, staatlich ausgestelltes Ausweisdokument (Reisepass, nationaler Ausweis oder F\u00fchrerschein).<\/li>\n<li>Einen Adressnachweis, der nicht \u00e4lter als sechs Monate ist (z. B. Stromrechnung, Kontoauszug oder \u00e4hnliches offizielles Dokument).<\/li>\n<li>Einen Zahlungsnachweis, falls erforderlich (z. B. Kartenfoto mit erforderlichen sichtbaren Ziffern oder ein Kontoauszug).<\/li>\n<li>Zus\u00e4tzliche Dokumente, die unser Compliance-Team basierend auf AML-Anforderungen, dem Transaktionsprofil oder Ihrem Aufenthaltsstatus ben\u00f6tigt.<\/li>\n<li>Ein hochaufl\u00f6sendes Foto oder ein Verifizierungs-Selfie, wenn erweiterte Due-Diligence-Pr\u00fcfungen erforderlich sind.<\/li>\n<\/ul>\n<p>Sobald Dokumente eingereicht wurden, kann Ihr Konto w\u00e4hrend der \u00dcberpr\u00fcfung den Status Vor\u00fcbergehend genehmigt erhalten. W\u00e4hrend dieser Zeit bleibt der Plattformzugang verf\u00fcgbar, aber Auszahlungsrechte k\u00f6nnen eingeschr\u00e4nkt sein, bis die Verifizierung vollst\u00e4ndig abgeschlossen ist. Wir informieren Sie per E-Mail \u00fcber das endg\u00fcltige Ergebnis und geben klare Hinweise, falls weitere Schritte erforderlich sind.<\/p>\n<h2>H\u00e4ufig gestellte Fragen (FAQ)<\/h2>\n<h3>Was soll ich tun, wenn ich nach der Registrierung keine Best\u00e4tigungs-E-Mail erhalte?<\/h3>\n<p>Wenn die Best\u00e4tigungs-E-Mail nicht innerhalb weniger Minuten ankommt, \u00fcberpr\u00fcfen Sie zuerst Ihren Spam- oder Promotions-Ordner, da Filter automatische Nachrichten umleiten k\u00f6nnen. Stellen Sie sicher, dass die w\u00e4hrend der Registrierung eingegebene E-Mail-Adresse korrekt und fehlerfrei geschrieben ist. Wenn die Nachricht weiterhin fehlt, k\u00f6nnen Sie direkt \u00fcber Ihr Kontomen\u00fc einen neuen Best\u00e4tigungslink anfordern oder das Support-Team \u00fcber den Live-Chat kontaktieren, damit wir ihn erneut senden und sicherstellen k\u00f6nnen, dass Ihr Rodeoslot casino Profil ordnungsgem\u00e4\u00df aktiviert wird.<\/p>\n<h3>Kann ich meine pers\u00f6nlichen Daten \u00e4ndern, nachdem ich mein Rodeoslot Konto erstellt habe?<\/h3>\n<p>Einige pers\u00f6nliche Daten k\u00f6nnen direkt in Ihren Kontoeinstellungen aktualisiert werden, wie etwa Ihre Telefonnummer oder ausgew\u00e4hlte Pr\u00e4ferenzen. Diese Felder sind verf\u00fcgbar, nachdem Sie sich eingeloggt und Ihren Profilbereich ge\u00f6ffnet haben.<\/p>\n<p>Daten, die mit der Identit\u00e4tsverifizierung verbunden sind \u2014 wie vollst\u00e4ndiger Name, Geburtsdatum oder Wohnadresse \u2014 erfordern eine manuelle \u00dcberpr\u00fcfung. Wenn eine dieser Angaben korrigiert werden muss, kontaktieren Sie das Support-Team \u00fcber den Live-Chat. Wir f\u00fchren Sie durch den Aktualisierungsprozess und fordern bei Bedarf unterst\u00fctzende Dokumente an, um Genauigkeit und Compliance sicherzustellen.<\/p>\n<h3>Kann ich weiterspielen, w\u00e4hrend mein Verifizierungsstatus \u201eVor\u00fcbergehend genehmigt\u201c ist?<\/h3>\n<p>Ein Status \u201eVor\u00fcbergehend genehmigt\u201c zeigt an, dass Ihre Dokumente erfolgreich eingereicht wurden und sich derzeit in der \u00dcberpr\u00fcfung befinden. W\u00e4hrend dieser Zeit bleiben Gameplay, Einzahlungen und die meisten Kontofunktionen verf\u00fcgbar, sodass Sie die Plattform ohne Unterbrechung weiter nutzen k\u00f6nnen.<\/p>\n<p>Der Zugriff auf Auszahlungen kann eingeschr\u00e4nkt bleiben, bis die Verifizierung vollst\u00e4ndig abgeschlossen ist. Sobald die \u00dcberpr\u00fcfung beendet ist, aktualisieren wir Ihren Kontostatus und benachrichtigen Sie per E-Mail, einschlie\u00dflich eventueller weiterer Schritte.<\/p>\n<h3>Was soll ich tun, wenn meine Login-E-Mail-Adresse nicht mehr zug\u00e4nglich ist?<\/h3>\n<p>Wenn Sie keinen Zugriff mehr auf die mit Ihrem Konto verbundene E-Mail-Adresse haben, kontaktieren Sie unser Support-Team \u00fcber den Live-Chat. Nach einer kurzen Identit\u00e4tspr\u00fcfung helfen wir Ihnen, die registrierte E-Mail-Adresse zu aktualisieren, damit Sie weiterhin wichtige Benachrichtigungen erhalten und den vollst\u00e4ndigen Zugang zu Ihrem Konto behalten.<\/p>\n<h3>Was passiert, wenn meine Verifizierungsdokumente abgelehnt werden?<\/h3>\n<p>Wenn die von Ihnen hochgeladenen Dokumente nicht genehmigt werden k\u00f6nnen, informieren wir Sie im Rodeoslot casino per E-Mail und \u00fcber Ihr Kontomen\u00fc. Die Nachricht enth\u00e4lt eine klare Erkl\u00e4rung, warum die Einsendung nicht akzeptiert wurde \u2014 etwa bei unscharfen Bildern, fehlenden Details, abgelaufenen Dokumenten oder wenn Informationen nicht mit Ihrem registrierten Profil \u00fcbereinstimmen.<\/p>\n<p>Sie k\u00f6nnen korrigierte Dokumente jederzeit im Verifizierungsbereich hochladen. Sobald die neuen Dateien eingereicht sind, pr\u00fcft unser Team diese umgehend, damit der Verifizierungsprozess ohne unn\u00f6tige Verz\u00f6gerungen fortgesetzt werden kann.<\/p>\n<\/div><\/div><\/p>\n","protected":false},"excerpt":{"rendered":"<p>Rodeoslot Login Der Rodeoslot login bietet einen sicheren Zugang zu allen zentralen Funktionen unserer Plattform. Nach der Authentifizierung k\u00f6nnen Sie Zahlungen verwalten, Spiele starten, Aktivit\u00e4ten \u00fcberwachen und Ihr Profil innerhalb einer einheitlichen Umgebung pflegen, die durch eine stabile ger\u00e4te\u00fcbergreifende Synchronisierung unterst\u00fctzt wird. Das Login-Formular ist sowohl auf Desktop als auch mobil verf\u00fcgbar und gew\u00e4hrleistet einen [&hellip;]<\/p>\n","protected":false},"author":1,"featured_media":0,"parent":0,"menu_order":0,"comment_status":"closed","ping_status":"closed","template":"template-builder.php","meta":{"_acf_changed":false,"inline_featured_image":false,"footnotes":""},"class_list":["post-1466","page","type-page","status-publish","hentry"],"acf":[],"yoast_head":"<!-- This site is optimized with the Yoast SEO plugin v27.3 - https:\/\/yoast.com\/product\/yoast-seo-wordpress\/ -->\n<title>Rodeoslot Login | Sicheres Login &amp; Registrierung<\/title>\n<meta name=\"description\" content=\"Melde dich bei deinem Rodeoslot-Konto an, lade dein Guthaben auf, verwalte Einzahlungen und Auszahlungen, verfolge Boni, pr\u00fcfe deine Aktivit\u00e4ten und genie\u00dfe sicheres Gameplay mit Support rund um die Uhr.\" \/>\n<meta name=\"robots\" content=\"index, follow, max-snippet:-1, max-image-preview:large, max-video-preview:-1\" \/>\n<link rel=\"canonical\" href=\"https:\/\/rodeo-slot.com\/de\/anmeldung-und-registrierung\/\" \/>\n<meta property=\"og:locale\" content=\"de_DE\" \/>\n<meta property=\"og:type\" content=\"article\" \/>\n<meta property=\"og:title\" content=\"Rodeoslot Login | Sicheres Login &amp; Registrierung\" \/>\n<meta property=\"og:description\" content=\"Melde dich bei deinem Rodeoslot-Konto an, lade dein Guthaben auf, verwalte Einzahlungen und Auszahlungen, verfolge Boni, pr\u00fcfe deine Aktivit\u00e4ten und genie\u00dfe sicheres Gameplay mit Support rund um die Uhr.\" \/>\n<meta property=\"og:url\" content=\"https:\/\/rodeo-slot.com\/de\/anmeldung-und-registrierung\/\" \/>\n<meta property=\"og:site_name\" content=\"rodeoslot\" \/>\n<meta property=\"article:modified_time\" content=\"2025-12-17T13:47:13+00:00\" \/>\n<meta name=\"twitter:card\" content=\"summary_large_image\" \/>\n<meta name=\"twitter:label1\" content=\"Gesch\u00e4tzte Lesezeit\" \/>\n\t<meta name=\"twitter:data1\" content=\"1\u00a0Minute\" \/>\n<script type=\"application\/ld+json\" class=\"yoast-schema-graph\">{\"@context\":\"https:\\\/\\\/schema.org\",\"@graph\":[{\"@type\":\"WebPage\",\"@id\":\"https:\\\/\\\/rodeo-slot.com\\\/de\\\/anmeldung-und-registrierung\\\/\",\"url\":\"https:\\\/\\\/rodeo-slot.com\\\/de\\\/anmeldung-und-registrierung\\\/\",\"name\":\"Rodeoslot Login | Sicheres Login & Registrierung\",\"isPartOf\":{\"@id\":\"https:\\\/\\\/rodeo-slot.com\\\/de\\\/#website\"},\"datePublished\":\"2025-12-17T12:35:30+00:00\",\"dateModified\":\"2025-12-17T13:47:13+00:00\",\"description\":\"Melde dich bei deinem Rodeoslot-Konto an, lade dein Guthaben auf, verwalte Einzahlungen und Auszahlungen, verfolge Boni, pr\u00fcfe deine Aktivit\u00e4ten und genie\u00dfe sicheres Gameplay mit Support rund um die Uhr.\",\"breadcrumb\":{\"@id\":\"https:\\\/\\\/rodeo-slot.com\\\/de\\\/anmeldung-und-registrierung\\\/#breadcrumb\"},\"inLanguage\":\"de\",\"potentialAction\":[{\"@type\":\"ReadAction\",\"target\":[\"https:\\\/\\\/rodeo-slot.com\\\/de\\\/anmeldung-und-registrierung\\\/\"]}]},{\"@type\":\"BreadcrumbList\",\"@id\":\"https:\\\/\\\/rodeo-slot.com\\\/de\\\/anmeldung-und-registrierung\\\/#breadcrumb\",\"itemListElement\":[{\"@type\":\"ListItem\",\"position\":1,\"name\":\"Rodeoslot\",\"item\":\"https:\\\/\\\/rodeo-slot.com\\\/de\\\/\"},{\"@type\":\"ListItem\",\"position\":2,\"name\":\"Anmeldung und Registrierung\"}]},{\"@type\":\"WebSite\",\"@id\":\"https:\\\/\\\/rodeo-slot.com\\\/de\\\/#website\",\"url\":\"https:\\\/\\\/rodeo-slot.com\\\/de\\\/\",\"name\":\"Rodeoslot\",\"description\":\"\",\"publisher\":{\"@id\":\"https:\\\/\\\/rodeo-slot.com\\\/de\\\/#organization\"},\"potentialAction\":[{\"@type\":\"SearchAction\",\"target\":{\"@type\":\"EntryPoint\",\"urlTemplate\":\"https:\\\/\\\/rodeo-slot.com\\\/de\\\/?s={search_term_string}\"},\"query-input\":{\"@type\":\"PropertyValueSpecification\",\"valueRequired\":true,\"valueName\":\"search_term_string\"}}],\"inLanguage\":\"de\"},{\"@type\":\"Organization\",\"@id\":\"https:\\\/\\\/rodeo-slot.com\\\/de\\\/#organization\",\"name\":\"Rodeoslot\",\"url\":\"https:\\\/\\\/rodeo-slot.com\\\/de\\\/\",\"logo\":{\"@type\":\"ImageObject\",\"inLanguage\":\"de\",\"@id\":\"https:\\\/\\\/rodeo-slot.com\\\/de\\\/#\\\/schema\\\/logo\\\/image\\\/\",\"url\":\"https:\\\/\\\/rodeo-slot.com\\\/wp-content\\\/uploads\\\/2025\\\/08\\\/80u1FaquEZeR6OUTeJCc.png\",\"contentUrl\":\"https:\\\/\\\/rodeo-slot.com\\\/wp-content\\\/uploads\\\/2025\\\/08\\\/80u1FaquEZeR6OUTeJCc.png\",\"width\":154,\"height\":28,\"caption\":\"Rodeoslot\"},\"image\":{\"@id\":\"https:\\\/\\\/rodeo-slot.com\\\/de\\\/#\\\/schema\\\/logo\\\/image\\\/\"}}]}<\/script>\n<!-- \/ Yoast SEO plugin. -->","yoast_head_json":{"title":"Rodeoslot Login | Sicheres Login & Registrierung","description":"Melde dich bei deinem Rodeoslot-Konto an, lade dein Guthaben auf, verwalte Einzahlungen und Auszahlungen, verfolge Boni, pr\u00fcfe deine Aktivit\u00e4ten und genie\u00dfe sicheres Gameplay mit Support rund um die Uhr.","robots":{"index":"index","follow":"follow","max-snippet":"max-snippet:-1","max-image-preview":"max-image-preview:large","max-video-preview":"max-video-preview:-1"},"canonical":"https:\/\/rodeo-slot.com\/de\/anmeldung-und-registrierung\/","og_locale":"de_DE","og_type":"article","og_title":"Rodeoslot Login | Sicheres Login & Registrierung","og_description":"Melde dich bei deinem Rodeoslot-Konto an, lade dein Guthaben auf, verwalte Einzahlungen und Auszahlungen, verfolge Boni, pr\u00fcfe deine Aktivit\u00e4ten und genie\u00dfe sicheres Gameplay mit Support rund um die Uhr.","og_url":"https:\/\/rodeo-slot.com\/de\/anmeldung-und-registrierung\/","og_site_name":"rodeoslot","article_modified_time":"2025-12-17T13:47:13+00:00","twitter_card":"summary_large_image","twitter_misc":{"Gesch\u00e4tzte Lesezeit":"1\u00a0Minute"},"schema":{"@context":"https:\/\/schema.org","@graph":[{"@type":"WebPage","@id":"https:\/\/rodeo-slot.com\/de\/anmeldung-und-registrierung\/","url":"https:\/\/rodeo-slot.com\/de\/anmeldung-und-registrierung\/","name":"Rodeoslot Login | Sicheres Login & Registrierung","isPartOf":{"@id":"https:\/\/rodeo-slot.com\/de\/#website"},"datePublished":"2025-12-17T12:35:30+00:00","dateModified":"2025-12-17T13:47:13+00:00","description":"Melde dich bei deinem Rodeoslot-Konto an, lade dein Guthaben auf, verwalte Einzahlungen und Auszahlungen, verfolge Boni, pr\u00fcfe deine Aktivit\u00e4ten und genie\u00dfe sicheres Gameplay mit Support rund um die Uhr.","breadcrumb":{"@id":"https:\/\/rodeo-slot.com\/de\/anmeldung-und-registrierung\/#breadcrumb"},"inLanguage":"de","potentialAction":[{"@type":"ReadAction","target":["https:\/\/rodeo-slot.com\/de\/anmeldung-und-registrierung\/"]}]},{"@type":"BreadcrumbList","@id":"https:\/\/rodeo-slot.com\/de\/anmeldung-und-registrierung\/#breadcrumb","itemListElement":[{"@type":"ListItem","position":1,"name":"Rodeoslot","item":"https:\/\/rodeo-slot.com\/de\/"},{"@type":"ListItem","position":2,"name":"Anmeldung und Registrierung"}]},{"@type":"WebSite","@id":"https:\/\/rodeo-slot.com\/de\/#website","url":"https:\/\/rodeo-slot.com\/de\/","name":"Rodeoslot","description":"","publisher":{"@id":"https:\/\/rodeo-slot.com\/de\/#organization"},"potentialAction":[{"@type":"SearchAction","target":{"@type":"EntryPoint","urlTemplate":"https:\/\/rodeo-slot.com\/de\/?s={search_term_string}"},"query-input":{"@type":"PropertyValueSpecification","valueRequired":true,"valueName":"search_term_string"}}],"inLanguage":"de"},{"@type":"Organization","@id":"https:\/\/rodeo-slot.com\/de\/#organization","name":"Rodeoslot","url":"https:\/\/rodeo-slot.com\/de\/","logo":{"@type":"ImageObject","inLanguage":"de","@id":"https:\/\/rodeo-slot.com\/de\/#\/schema\/logo\/image\/","url":"https:\/\/rodeo-slot.com\/wp-content\/uploads\/2025\/08\/80u1FaquEZeR6OUTeJCc.png","contentUrl":"https:\/\/rodeo-slot.com\/wp-content\/uploads\/2025\/08\/80u1FaquEZeR6OUTeJCc.png","width":154,"height":28,"caption":"Rodeoslot"},"image":{"@id":"https:\/\/rodeo-slot.com\/de\/#\/schema\/logo\/image\/"}}]}},"_links":{"self":[{"href":"https:\/\/rodeo-slot.com\/de\/wp-json\/wp\/v2\/pages\/1466","targetHints":{"allow":["GET"]}}],"collection":[{"href":"https:\/\/rodeo-slot.com\/de\/wp-json\/wp\/v2\/pages"}],"about":[{"href":"https:\/\/rodeo-slot.com\/de\/wp-json\/wp\/v2\/types\/page"}],"author":[{"embeddable":true,"href":"https:\/\/rodeo-slot.com\/de\/wp-json\/wp\/v2\/users\/1"}],"replies":[{"embeddable":true,"href":"https:\/\/rodeo-slot.com\/de\/wp-json\/wp\/v2\/comments?post=1466"}],"version-history":[{"count":2,"href":"https:\/\/rodeo-slot.com\/de\/wp-json\/wp\/v2\/pages\/1466\/revisions"}],"predecessor-version":[{"id":1572,"href":"https:\/\/rodeo-slot.com\/de\/wp-json\/wp\/v2\/pages\/1466\/revisions\/1572"}],"wp:attachment":[{"href":"https:\/\/rodeo-slot.com\/de\/wp-json\/wp\/v2\/media?parent=1466"}],"curies":[{"name":"wp","href":"https:\/\/api.w.org\/{rel}","templated":true}]}}